{"id":279,"date":"2018-06-06T09:39:40","date_gmt":"2018-06-06T07:39:40","guid":{"rendered":"http:\/\/sv-niederbexbach.de\/backline\/?page_id=279"},"modified":"2018-06-06T09:40:51","modified_gmt":"2018-06-06T07:40:51","slug":"impressum","status":"publish","type":"page","link":"https:\/\/sv-niederbexbach.de\/backline\/impressum\/","title":{"rendered":"Impressum"},"content":{"rendered":"<p><strong>Angaben gem\u00e4\u00df \u00a7 5 TMG:<\/strong><\/p>\n<p>SV 1928 Niederbexbach e.V.<\/p>\n<p><strong>Postanschrift:<\/strong><\/p>\n<p>Am Gassenweg 9<br \/>\n66450 Niederbexbach<\/p>\n<p><strong>Kontakt:<\/strong><\/p>\n<p>Telefon: 06826 \/ 501 39<br \/>\nE-Mail: info@sv-niederbexbach.de<\/p>\n<p><strong>Vertreten durch:<\/strong><\/p>\n<p>J\u00f6rg Imbsweiler (Gesch\u00e4ftsf\u00fchrer)<br \/>\nUlrich Burbes (1. Vorsitzender)<br \/>\nDaniel Schmid (2. Vorsitzender)<\/p>\n<p><strong>Eingetragen am<\/strong><\/p>\n<p>REGISTERGERICHT KOMMT NOCH<br \/>\nREGISTERNUMMER KOMMT NOCH<\/p>\n<p><strong>Urheberrechtliche Hinweise<\/strong><\/p>\n<p>fotolia by Adobe (https:\/\/de.fotolia.com\/)<\/p>\n<p><strong>Verantwortlich f\u00fcr journalistisch-redaktionelle Inhalte ist:<\/strong><\/p>\n<p>Florian H\u00fcther (Ansprechpartner Presseteam)<br \/>\n<a href=\"mailto:florian.huether@sv-niederbexbach.de\">florian.huether@sv-niederbexbach.de<\/a><\/p>\n<p><em>Das Impressum wurde mit dem <a href=\"https:\/\/www.activemind.de\/datenschutz\/impressums-generator\/\">Impressums-Generator der activeMind AG<\/a> erstellt.<\/em><\/p>\n","protected":false},"excerpt":{"rendered":"<p>Angaben gem\u00e4\u00df \u00a7 5 TMG: SV 1928 Niederbexbach e.V. Postanschrift: Am Gassenweg 9 66450 Niederbexbach Kontakt: Telefon: 06826 \/ 501 39 E-Mail: info@sv-niederbexbach.de Vertreten durch: J\u00f6rg Imbsweiler (Gesch\u00e4ftsf\u00fchrer) Ulrich Burbes (1. Vorsitzender) Daniel Schmid (2. Vorsitzender) Eingetragen am REGISTERGERICHT KOMMT NOCH REGISTERNUMMER KOMMT NOCH Urheberrechtliche Hinweise fotolia by Adobe (https:\/\/de.fotolia.com\/) Verantwortlich f\u00fcr journalistisch-redaktionelle Inhalte ist: &hellip; <a href=\"https:\/\/sv-niederbexbach.de\/backline\/impressum\/\" class=\"more-link\"><span class=\"screen-reader-text\">\u201eImpressum\u201c<\/span> weiterlesen<\/a><\/p>\n","protected":false},"author":1,"featured_media":0,"parent":0,"menu_order":0,"comment_status":"closed","ping_status":"closed","template":"","meta":{"footnotes":""},"class_list":["post-279","page","type-page","status-publish","hentry"],"_links":{"self":[{"href":"https:\/\/sv-niederbexbach.de\/backline\/wp-json\/wp\/v2\/pages\/279","targetHints":{"allow":["GET"]}}],"collection":[{"href":"https:\/\/sv-niederbexbach.de\/backline\/wp-json\/wp\/v2\/pages"}],"about":[{"href":"https:\/\/sv-niederbexbach.de\/backline\/wp-json\/wp\/v2\/types\/page"}],"author":[{"embeddable":true,"href":"https:\/\/sv-niederbexbach.de\/backline\/wp-json\/wp\/v2\/users\/1"}],"replies":[{"embeddable":true,"href":"https:\/\/sv-niederbexbach.de\/backline\/wp-json\/wp\/v2\/comments?post=279"}],"version-history":[{"count":2,"href":"https:\/\/sv-niederbexbach.de\/backline\/wp-json\/wp\/v2\/pages\/279\/revisions"}],"predecessor-version":[{"id":284,"href":"https:\/\/sv-niederbexbach.de\/backline\/wp-json\/wp\/v2\/pages\/279\/revisions\/284"}],"wp:attachment":[{"href":"https:\/\/sv-niederbexbach.de\/backline\/wp-json\/wp\/v2\/media?parent=279"}],"curies":[{"name":"wp","href":"https:\/\/api.w.org\/{rel}","templated":true}]}}